{"id":1157,"date":"2024-07-09T11:47:43","date_gmt":"2024-07-09T11:47:43","guid":{"rendered":"https:\/\/kako.com.hr\/webshop\/?post_type=product&#038;p=1157"},"modified":"2024-07-09T12:01:16","modified_gmt":"2024-07-09T12:01:16","slug":"teflonski-koloturnik-150x52mm-20kn-11500-e","status":"publish","type":"product","link":"https:\/\/kako.com.hr\/webshop\/izaberi-i-naruci\/manipulacija-kabelima\/teflonski-koloturnik-150x52mm-20kn-11500-e\/","title":{"rendered":"Teflonski koloturnik 150x52mm 20kN     115,00 \u20ac"},"content":{"rendered":"<p>Teflonski koloturnik 150x52mm 20kN 115,00 \u20ac<br \/>\nTe\u017eina: 1,7 kg<br \/>\n<img decoding=\"async\" loading=\"lazy\" class=\"alignnone  wp-image-1158\" src=\"https:\/\/kako.com.hr\/webshop\/wp-content\/uploads\/2024\/07\/koloturnik-teflonski-150x52-mm.jpg\" alt=\"\" width=\"217\" height=\"348\" srcset=\"https:\/\/kako.com.hr\/webshop\/wp-content\/uploads\/2024\/07\/koloturnik-teflonski-150x52-mm.jpg 312w, https:\/\/kako.com.hr\/webshop\/wp-content\/uploads\/2024\/07\/koloturnik-teflonski-150x52-mm-187x300.jpg 187w\" sizes=\"(max-width: 217px) 100vw, 217px\" \/> <img decoding=\"async\" loading=\"lazy\" class=\"alignnone  wp-image-1160\" src=\"https:\/\/kako.com.hr\/webshop\/wp-content\/uploads\/2024\/07\/koloturnik-teflonski-150x52-mm3.jpg\" alt=\"\" width=\"323\" height=\"323\" srcset=\"https:\/\/kako.com.hr\/webshop\/wp-content\/uploads\/2024\/07\/koloturnik-teflonski-150x52-mm3.jpg 2048w, https:\/\/kako.com.hr\/webshop\/wp-content\/uploads\/2024\/07\/koloturnik-teflonski-150x52-mm3-300x300.jpg 300w, https:\/\/kako.com.hr\/webshop\/wp-content\/uploads\/2024\/07\/koloturnik-teflonski-150x52-mm3-800x800.jpg 800w, https:\/\/kako.com.hr\/webshop\/wp-content\/uploads\/2024\/07\/koloturnik-teflonski-150x52-mm3-150x150.jpg 150w, https:\/\/kako.com.hr\/webshop\/wp-content\/uploads\/2024\/07\/koloturnik-teflonski-150x52-mm3-768x768.jpg 768w, https:\/\/kako.com.hr\/webshop\/wp-content\/uploads\/2024\/07\/koloturnik-teflonski-150x52-mm3-1536x1536.jpg 1536w, https:\/\/kako.com.hr\/webshop\/wp-content\/uploads\/2024\/07\/koloturnik-teflonski-150x52-mm3-100x100.jpg 100w, https:\/\/kako.com.hr\/webshop\/wp-content\/uploads\/2024\/07\/koloturnik-teflonski-150x52-mm3-600x600.jpg 600w\" sizes=\"(max-width: 323px) 100vw, 323px\" \/><\/p>\n<p>Teflonski koloturnik 150x52mm 20kN mo\u017ee se naru\u010diti slanjem ni\u017ee navedenih podatak na kako@kako.com.hr ili pozivom na 091\/296-5745 (sve ostale info).<br \/>\nNa\u010din pla\u0107anja (prethodno se najaviti na kako@kako.com.hr ili 091\/296-5745): <strong>V<\/strong><strong>IRMANSKI<\/strong>.<\/p>\n<p><strong>PODACI ZA NARUD\u017dBU :<br \/>\n<\/strong>Naziv proizvoda<br \/>\nKoli\u010dina<br \/>\nIme i Prezime ili Naziv poduze\u0107a<br \/>\nAdresa slanja<br \/>\nPo\u0161tanski broj i mjesto<br \/>\nKontakt mobitel osobe koja preuzima proizvod<\/p>\n<p>U ponudi je sljede\u0107a oprema i alat za elektroenergetske, gra\u0111evinske, komunalne i ostale vrste radova:<br \/>\n1. For\u0161pan sajla \u2013 od 10 d0 300 metara duljine, od 4,5mm do 14 mm presjeka (fi)<br \/>\n2. Gurtne \u2013 s om\u010dama, beskona\u010dne, s mehanizmom, kompleti\u2026<br \/>\n3. Sajle, \u010deli\u010dna u\u017ead<br \/>\n4. Lanci<br \/>\n5. Koloturnici<br \/>\n6. Kabelske uvodnice<br \/>\n7. Karabineri, kuke, stezaljke, al-\u010de stezaljke, automatske stezaljke, trafo stezaljke,Vijci, matice, \u0161kopci, alke\u2026<br \/>\n8. Vitla, vage, magneti, hvataljke, kolica<br \/>\n9. Inox program<\/p>\n<p>Za sve modele koji nisu pojedina\u010dno navedeni u proizvodima, slobodno nam se javite na upit.<\/p>\n","protected":false},"excerpt":{"rendered":"<p>Teflonski koloturnik 150x52mm 20kN 115,00 \u20ac Te\u017eina: 1,7 kg Teflonski koloturnik 150x52mm 20kN mo\u017ee se naru\u010diti slanjem ni\u017ee navedenih podatak na kako@kako.com.hr ili pozivom na 091\/296-5745 (sve ostale info). Na\u010din pla\u0107anja (prethodno se najaviti na kako@kako.com.hr ili 091\/296-5745): VIRMANSKI. PODACI ZA NARUD\u017dBU : Naziv proizvoda Koli\u010dina Ime i Prezime ili Naziv poduze\u0107a Adresa slanja Po\u0161tanski [&hellip;]<\/p>\n","protected":false},"featured_media":1161,"comment_status":"open","ping_status":"closed","template":"","meta":{"_monsterinsights_skip_tracking":false,"_monsterinsights_sitenote_active":false,"_monsterinsights_sitenote_note":"","_monsterinsights_sitenote_category":0},"_links":{"self":[{"href":"https:\/\/kako.com.hr\/webshop\/wp-json\/wp\/v2\/product\/1157"}],"collection":[{"href":"https:\/\/kako.com.hr\/webshop\/wp-json\/wp\/v2\/product"}],"about":[{"href":"https:\/\/kako.com.hr\/webshop\/wp-json\/wp\/v2\/types\/product"}],"replies":[{"embeddable":true,"href":"https:\/\/kako.com.hr\/webshop\/wp-json\/wp\/v2\/comments?post=1157"}],"wp:featuredmedia":[{"embeddable":true,"href":"https:\/\/kako.com.hr\/webshop\/wp-json\/wp\/v2\/media\/1161"}],"wp:attachment":[{"href":"https:\/\/kako.com.hr\/webshop\/wp-json\/wp\/v2\/media?parent=1157"}],"curies":[{"name":"wp","href":"https:\/\/api.w.org\/{rel}","templated":true}]}}