{"id":1146,"date":"2024-05-19T08:00:43","date_gmt":"2024-05-19T08:00:43","guid":{"rendered":"https:\/\/kako.com.hr\/webshop\/?post_type=product&#038;p=1146"},"modified":"2024-12-23T17:33:19","modified_gmt":"2024-12-23T17:33:19","slug":"elektricno-akumulatorsko-prijenosno-vitlo-kapaciteta-1000-kg-2-89000-e","status":"publish","type":"product","link":"https:\/\/kako.com.hr\/webshop\/izaberi-i-naruci\/komunalni-radovi\/elektricno-akumulatorsko-prijenosno-vitlo-kapaciteta-1000-kg-2-89000-e\/","title":{"rendered":"Elektri\u010dno akumulatorsko prijenosno vitlo kapaciteta 1000 kg  2.890,00 \u20ac"},"content":{"rendered":"<p>Elektri\u010dno akumulatorsko prijenosno vitlo kapaciteta 1000 kg 2.890,00 \u20ac<br \/>\n<img decoding=\"async\" loading=\"lazy\" class=\"alignnone size-full wp-image-1151\" src=\"https:\/\/kako.com.hr\/webshop\/wp-content\/uploads\/2024\/05\/elektricno-akumulatorsko-vitlo-kapaciteta-1000-kg-6.png\" alt=\"\" width=\"1121\" height=\"1121\" srcset=\"https:\/\/kako.com.hr\/webshop\/wp-content\/uploads\/2024\/05\/elektricno-akumulatorsko-vitlo-kapaciteta-1000-kg-6.png 1121w, https:\/\/kako.com.hr\/webshop\/wp-content\/uploads\/2024\/05\/elektricno-akumulatorsko-vitlo-kapaciteta-1000-kg-6-300x300.png 300w, https:\/\/kako.com.hr\/webshop\/wp-content\/uploads\/2024\/05\/elektricno-akumulatorsko-vitlo-kapaciteta-1000-kg-6-800x800.png 800w, https:\/\/kako.com.hr\/webshop\/wp-content\/uploads\/2024\/05\/elektricno-akumulatorsko-vitlo-kapaciteta-1000-kg-6-150x150.png 150w, https:\/\/kako.com.hr\/webshop\/wp-content\/uploads\/2024\/05\/elektricno-akumulatorsko-vitlo-kapaciteta-1000-kg-6-768x768.png 768w, https:\/\/kako.com.hr\/webshop\/wp-content\/uploads\/2024\/05\/elektricno-akumulatorsko-vitlo-kapaciteta-1000-kg-6-100x100.png 100w, https:\/\/kako.com.hr\/webshop\/wp-content\/uploads\/2024\/05\/elektricno-akumulatorsko-vitlo-kapaciteta-1000-kg-6-600x600.png 600w\" sizes=\"(max-width: 1121px) 100vw, 1121px\" \/> <img decoding=\"async\" loading=\"lazy\" class=\"alignnone size-full wp-image-1150\" src=\"https:\/\/kako.com.hr\/webshop\/wp-content\/uploads\/2024\/05\/elektricno-akumulatorsko-vitlo-kapaciteta-1000-kg-5.png\" alt=\"\" width=\"1068\" height=\"1068\" srcset=\"https:\/\/kako.com.hr\/webshop\/wp-content\/uploads\/2024\/05\/elektricno-akumulatorsko-vitlo-kapaciteta-1000-kg-5.png 1068w, https:\/\/kako.com.hr\/webshop\/wp-content\/uploads\/2024\/05\/elektricno-akumulatorsko-vitlo-kapaciteta-1000-kg-5-300x300.png 300w, https:\/\/kako.com.hr\/webshop\/wp-content\/uploads\/2024\/05\/elektricno-akumulatorsko-vitlo-kapaciteta-1000-kg-5-800x800.png 800w, https:\/\/kako.com.hr\/webshop\/wp-content\/uploads\/2024\/05\/elektricno-akumulatorsko-vitlo-kapaciteta-1000-kg-5-150x150.png 150w, https:\/\/kako.com.hr\/webshop\/wp-content\/uploads\/2024\/05\/elektricno-akumulatorsko-vitlo-kapaciteta-1000-kg-5-768x768.png 768w, https:\/\/kako.com.hr\/webshop\/wp-content\/uploads\/2024\/05\/elektricno-akumulatorsko-vitlo-kapaciteta-1000-kg-5-100x100.png 100w, https:\/\/kako.com.hr\/webshop\/wp-content\/uploads\/2024\/05\/elektricno-akumulatorsko-vitlo-kapaciteta-1000-kg-5-600x600.png 600w\" sizes=\"(max-width: 1068px) 100vw, 1068px\" \/> <img decoding=\"async\" loading=\"lazy\" class=\"alignnone size-full wp-image-1149\" src=\"https:\/\/kako.com.hr\/webshop\/wp-content\/uploads\/2024\/05\/elektricno-akumulatorsko-vitlo-kapaciteta-1000-kg-4.png\" alt=\"\" width=\"830\" height=\"830\" srcset=\"https:\/\/kako.com.hr\/webshop\/wp-content\/uploads\/2024\/05\/elektricno-akumulatorsko-vitlo-kapaciteta-1000-kg-4.png 830w, https:\/\/kako.com.hr\/webshop\/wp-content\/uploads\/2024\/05\/elektricno-akumulatorsko-vitlo-kapaciteta-1000-kg-4-300x300.png 300w, https:\/\/kako.com.hr\/webshop\/wp-content\/uploads\/2024\/05\/elektricno-akumulatorsko-vitlo-kapaciteta-1000-kg-4-800x800.png 800w, https:\/\/kako.com.hr\/webshop\/wp-content\/uploads\/2024\/05\/elektricno-akumulatorsko-vitlo-kapaciteta-1000-kg-4-150x150.png 150w, https:\/\/kako.com.hr\/webshop\/wp-content\/uploads\/2024\/05\/elektricno-akumulatorsko-vitlo-kapaciteta-1000-kg-4-768x768.png 768w, https:\/\/kako.com.hr\/webshop\/wp-content\/uploads\/2024\/05\/elektricno-akumulatorsko-vitlo-kapaciteta-1000-kg-4-100x100.png 100w, https:\/\/kako.com.hr\/webshop\/wp-content\/uploads\/2024\/05\/elektricno-akumulatorsko-vitlo-kapaciteta-1000-kg-4-600x600.png 600w\" sizes=\"(max-width: 830px) 100vw, 830px\" \/><br \/>\nElektri\u010dno akumulatorsko prijenosno vitlo kapaciteta 1000 kg savr\u0161en je pomo\u0107nik za rad na gradili\u0161tima te se smatra jednom od najve\u0107ih inovacija u posljednjih 20 godina. Univerzalna primjena u elektri\u010dnim i mehani\u010dkim instalacijama itd. Vitlo na akumulator je potpuno pouzdano i omogu\u0107uje brzu monta\u017eu na drvo, stup ili panj kao i na kuku za vu\u010du automobila. Jednostavna i prakti\u010dna manipulacija omogu\u0107uje brzu pripremu za rad, vitlo je prakti\u010dki bez odr\u017eavanja. Duljina u\u017eeta ostaje neograni\u010dena (preporu\u010deni model u\u017eeta 1102). Dodatne prednosti ure\u0111aja uklju\u010duju malu te\u017einu, pouzdanost i konstantnu vu\u010dnu silu. Vitlo je tiho, ekolo\u0161ko, nema ispu\u0161nih plinova, radi bez mirisa i smoga.<\/p>\n<p>Svjetlo<br \/>\nMiran<br \/>\nPrijenosni<br \/>\nEkolo\u0161ki \u2013 nula emisija<br \/>\nPouzdan<br \/>\nJednostavan za kori\u0161tenje<br \/>\nBez mirisa i smoga<br \/>\nKonstantna vu\u010dna snaga<br \/>\nBilo koja duljina u\u017eeta<\/p>\n<p>Mala te\u017eina omogu\u0107uje nesmetan transport i skladi\u0161tenje. Nulta emisija i u\u0161teda energije odr\u017eavaju zrak \u010distim i omogu\u0107uju kori\u0161tenje u zatvorenim prostorijama.<\/p>\n<p>Visoka u\u010dinkovitost \u2013 konstantna vu\u010dna snaga. Litij-ionska baterija osigurava stalnu snagu od po\u010detka do kraja radnog ciklusa.<\/p>\n<p>Energetska u\u010dinkovitost \u2013 izdr\u017eljivo i u\u010dinkovito vitlo visoke kvalitete osigurava optimalne performanse. Izvrstan omjer te\u017eine i energije.<\/p>\n<p>Izdr\u017eljivost \u2013 visokokvalitetne komponente osiguravaju kontinuirani rad i dug vijek trajanja ure\u0111aja.<\/p>\n<p>Brza instalacija i jednostavna upotreba &#8211; brzo zgrabite bilo gdje u nekoliko sekundi.<\/p>\n<p>Sinteti\u010dko u\u017ee \u2013 nema vi\u0161e \u017ei\u010dane u\u017eadi. Poliestersko u\u017ee ima vrlo dobra svojstva rastezanja i trenja. Nudi nenadma\u0161nu udobnost kori\u0161tenja.<\/p>\n<p>Neograni\u010dena duljina u\u017eeta &#8211; zahvaljuju\u0107i principu bubnja za namatanje (capstan), u\u017ee se ne skuplja (namotava na bubanj). U\u017ee prolazi samo kroz kapistan, bez promjene parametara povla\u010denja.<\/p>\n<p>Niska razina buke, bez mirisa i dima &#8211; vitlo se mo\u017ee koristiti i na otvorenom i u zatvorenom prostoru bez straha od trovanja \u0161tetnim hlapljivim tvarima.<br \/>\n<img decoding=\"async\" loading=\"lazy\" class=\"alignnone size-full wp-image-1148\" src=\"https:\/\/kako.com.hr\/webshop\/wp-content\/uploads\/2024\/05\/elektricno-akumulatorsko-vitlo-kapaciteta-1000-kg-3.png\" alt=\"\" width=\"514\" height=\"514\" srcset=\"https:\/\/kako.com.hr\/webshop\/wp-content\/uploads\/2024\/05\/elektricno-akumulatorsko-vitlo-kapaciteta-1000-kg-3.png 514w, https:\/\/kako.com.hr\/webshop\/wp-content\/uploads\/2024\/05\/elektricno-akumulatorsko-vitlo-kapaciteta-1000-kg-3-300x300.png 300w, https:\/\/kako.com.hr\/webshop\/wp-content\/uploads\/2024\/05\/elektricno-akumulatorsko-vitlo-kapaciteta-1000-kg-3-150x150.png 150w, https:\/\/kako.com.hr\/webshop\/wp-content\/uploads\/2024\/05\/elektricno-akumulatorsko-vitlo-kapaciteta-1000-kg-3-100x100.png 100w\" sizes=\"(max-width: 514px) 100vw, 514px\" \/> <img decoding=\"async\" loading=\"lazy\" class=\"alignnone size-full wp-image-1147\" src=\"https:\/\/kako.com.hr\/webshop\/wp-content\/uploads\/2024\/05\/elektricno-akumulatorsko-vitlo-kapaciteta-1000-kg-2.png\" alt=\"\" width=\"1198\" height=\"1198\" srcset=\"https:\/\/kako.com.hr\/webshop\/wp-content\/uploads\/2024\/05\/elektricno-akumulatorsko-vitlo-kapaciteta-1000-kg-2.png 1198w, https:\/\/kako.com.hr\/webshop\/wp-content\/uploads\/2024\/05\/elektricno-akumulatorsko-vitlo-kapaciteta-1000-kg-2-300x300.png 300w, https:\/\/kako.com.hr\/webshop\/wp-content\/uploads\/2024\/05\/elektricno-akumulatorsko-vitlo-kapaciteta-1000-kg-2-800x800.png 800w, https:\/\/kako.com.hr\/webshop\/wp-content\/uploads\/2024\/05\/elektricno-akumulatorsko-vitlo-kapaciteta-1000-kg-2-150x150.png 150w, https:\/\/kako.com.hr\/webshop\/wp-content\/uploads\/2024\/05\/elektricno-akumulatorsko-vitlo-kapaciteta-1000-kg-2-768x768.png 768w, https:\/\/kako.com.hr\/webshop\/wp-content\/uploads\/2024\/05\/elektricno-akumulatorsko-vitlo-kapaciteta-1000-kg-2-100x100.png 100w, https:\/\/kako.com.hr\/webshop\/wp-content\/uploads\/2024\/05\/elektricno-akumulatorsko-vitlo-kapaciteta-1000-kg-2-600x600.png 600w\" sizes=\"(max-width: 1198px) 100vw, 1198px\" \/> <img decoding=\"async\" loading=\"lazy\" class=\"alignnone size-full wp-image-1152\" src=\"https:\/\/kako.com.hr\/webshop\/wp-content\/uploads\/2024\/05\/elektricno-akumulatorsko-vitlo-kapaciteta-1000-kg-7.png\" alt=\"\" width=\"1176\" height=\"1176\" srcset=\"https:\/\/kako.com.hr\/webshop\/wp-content\/uploads\/2024\/05\/elektricno-akumulatorsko-vitlo-kapaciteta-1000-kg-7.png 1176w, https:\/\/kako.com.hr\/webshop\/wp-content\/uploads\/2024\/05\/elektricno-akumulatorsko-vitlo-kapaciteta-1000-kg-7-300x300.png 300w, https:\/\/kako.com.hr\/webshop\/wp-content\/uploads\/2024\/05\/elektricno-akumulatorsko-vitlo-kapaciteta-1000-kg-7-800x800.png 800w, https:\/\/kako.com.hr\/webshop\/wp-content\/uploads\/2024\/05\/elektricno-akumulatorsko-vitlo-kapaciteta-1000-kg-7-150x150.png 150w, https:\/\/kako.com.hr\/webshop\/wp-content\/uploads\/2024\/05\/elektricno-akumulatorsko-vitlo-kapaciteta-1000-kg-7-768x768.png 768w, https:\/\/kako.com.hr\/webshop\/wp-content\/uploads\/2024\/05\/elektricno-akumulatorsko-vitlo-kapaciteta-1000-kg-7-100x100.png 100w, https:\/\/kako.com.hr\/webshop\/wp-content\/uploads\/2024\/05\/elektricno-akumulatorsko-vitlo-kapaciteta-1000-kg-7-600x600.png 600w\" sizes=\"(max-width: 1176px) 100vw, 1176px\" \/><\/p>\n<p>Baterija:<br \/>\nVrijeme rada baterije 82 V &#8211; 2,5 Ah je 45 minuta. Li-ion baterija se mo\u017ee puniti u bilo kojem trenutku bez straha od o\u0161te\u0107enja. Stopa samopra\u017enjenja je vrlo niska i iznosi 1,25%\/mjese\u010dno. Baterija sadr\u017ei zaslon koji prikazuje preostalo vrijeme rada.<\/p>\n<p>Tehni\u010dki parametri:<\/p>\n<p>Baterija: Li-ion, 82 V \u2013 2,5 Ah (nije uklju\u010dena u ponu\u0111eni set)<br \/>\nPunja\u010d: (nije uklju\u010den u ponu\u0111eni set)<br \/>\nVrijeme rada nakon punjenja baterije: 45 minuta<br \/>\nPogon: elektromotor 1,0 kW<br \/>\nZa\u0161tita od preoptere\u0107enja s automatskim isklju\u010divanjem: Da<\/p>\n<p>Maksimalna vu\u010dna sila: 1000 kg s dodatnim blokom od 2000 kg<\/p>\n<p>Dimenzije: \u0161irina 30,2 cm, du\u017eina 31,8 cm, visina 31 cm<br \/>\nRadni ciklus: kontinuirano<br \/>\nBubanj vitla: 76 mm<br \/>\nTe\u017eina: 9,5 kg<\/p>\n<p>Broj brzina: 3<\/p>\n<p>Brzina: 1 &#8211; 8,1 m\/min<br \/>\nBrzina: 2 &#8211; 10 m\/min<br \/>\nBrzina: 3 &#8211; 11,6 m\/min<\/p>\n<p>U\u017ee \u2013 (dvostruko pleteno nisko rastezljivo poliestersko u\u017ee, neograni\u010dene duljine):<\/p>\n<p>Preporu\u010deni model 1102<\/p>\n<p>Minimalni promjer: 10 mm<br \/>\nMaksimalni promjer: 13 mm<br \/>\nPreporu\u010deni promjer: 10 mm<\/p>\n<p>Zup\u010danik: aluminijska legura, trostupanjska toplinska obrada, prijenosni omjer: 200:1<\/p>\n<p>Aluminijska legura<br \/>\nVratila s kugli\u010dnim le\u017eajevima<\/p>\n<p>Sadr\u017eaj paketa. U ponu\u0111enu cijenu ure\u0111aja uklju\u010deno je:<br \/>\npunja\u010d i baterija su uklju\u010deni<\/p>\n<p><strong>Elektri\u010dno akumulatorsko prijenosno vitlo kapaciteta 1000 kg<\/strong>\u00a0mo\u017ee se naru\u010diti slanjem ni\u017ee navedenih podatak na kako@kako.com.hr ili pozivom na 091\/296-5745 (sve ostale info).<br \/>\nNa\u010din pla\u0107anja (prethodno se najaviti na kako@kako.com.hr ili 091\/296-5745): <strong>VIRMANSKI<\/strong>.<\/p>\n<div id=\"main-content-wrapper\">\n<div id=\"primary\" class=\"content-area\">\n<p>&nbsp;<\/p>\n<div id=\"product-1129\" class=\"product type-product post-1129 status-publish first instock product_cat-strojevi-vinc-za-povlacenje-kabela product_tag-benzinsko-vitlo product_tag-benzinsko-vitlo-kapaciteta-700kg product_tag-motorno-vitlo product_tag-vinc product_tag-vitlo has-post-thumbnail taxable shipping-taxable product-type-simple\">\n<div class=\"woocommerce-tabs wc-tabs-wrapper\">\n<div id=\"tab-description\" class=\"woocommerce-Tabs-panel woocommerce-Tabs-panel--description panel entry-content wc-tab\" role=\"tabpanel\" aria-labelledby=\"tab-title-description\">\n<p><a href=\"http:\/\/abarelto.hr\/article-zanimljivosti-FOR%C5%A0PAN.html\">Predstavljaju\u0107i i ostale inovativne proizvode<\/a>\u00a0svjetski renomiranih proizvo\u0111a\u010da te korisna rje\u0161enja koja oni pru\u017eaju pri radu, ovi proizvodi pru\u017eaju sigurnost i garanciju najvi\u0161eg stupnja kvalitete koja je nu\u017eno potrebna na ovom podru\u010dju rada.<\/p>\n<p><strong>PODACI ZA NARUD\u017dBU :<br \/>\n<\/strong><\/p>\n<p>Naziv proizvoda<br \/>\nKoli\u010dina<br \/>\nIme i Prezime ili Naziv poduze\u0107a<br \/>\nAdresa slanja<br \/>\nPo\u0161tanski broj i mjesto<br \/>\nKontakt mobitel osobe koja preuzima proizvod<\/p>\n<p>Ostalo iz ponud OPREME I ALATA pogledajte <a href=\"https:\/\/kako.com.hr\/webshop\/product-category\/oprema-i-alat\/\">OVDJE<\/a>.<\/p>\n<\/div>\n<\/div>\n<\/div>\n<p>&nbsp;<\/p>\n<\/div>\n<\/div>\n<footer id=\"footer-main\">\n<div id=\"footer-content-wrapper\">\n<div id=\"footer-cols\">\n<div id=\"footer-cols-inner\"><\/div>\n<\/div>\n<\/div>\n<\/footer>\n","protected":false},"excerpt":{"rendered":"<p>Elektri\u010dno akumulatorsko prijenosno vitlo kapaciteta 1000 kg 2.890,00 \u20ac Elektri\u010dno akumulatorsko prijenosno vitlo kapaciteta 1000 kg savr\u0161en je pomo\u0107nik za rad na gradili\u0161tima te se smatra jednom od najve\u0107ih inovacija u posljednjih 20 godina. Univerzalna primjena u elektri\u010dnim i mehani\u010dkim instalacijama itd. Vitlo na akumulator je potpuno pouzdano i omogu\u0107uje brzu monta\u017eu na drvo, stup [&hellip;]<\/p>\n","protected":false},"featured_media":1149,"comment_status":"open","ping_status":"closed","template":"","meta":{"_monsterinsights_skip_tracking":false,"_monsterinsights_sitenote_active":false,"_monsterinsights_sitenote_note":"","_monsterinsights_sitenote_category":0},"_links":{"self":[{"href":"https:\/\/kako.com.hr\/webshop\/wp-json\/wp\/v2\/product\/1146"}],"collection":[{"href":"https:\/\/kako.com.hr\/webshop\/wp-json\/wp\/v2\/product"}],"about":[{"href":"https:\/\/kako.com.hr\/webshop\/wp-json\/wp\/v2\/types\/product"}],"replies":[{"embeddable":true,"href":"https:\/\/kako.com.hr\/webshop\/wp-json\/wp\/v2\/comments?post=1146"}],"wp:featuredmedia":[{"embeddable":true,"href":"https:\/\/kako.com.hr\/webshop\/wp-json\/wp\/v2\/media\/1149"}],"wp:attachment":[{"href":"https:\/\/kako.com.hr\/webshop\/wp-json\/wp\/v2\/media?parent=1146"}],"curies":[{"name":"wp","href":"https:\/\/api.w.org\/{rel}","templated":true}]}}