{"id":1139,"date":"2024-05-19T07:39:14","date_gmt":"2024-05-19T07:39:14","guid":{"rendered":"https:\/\/kako.com.hr\/webshop\/?post_type=product&#038;p=1139"},"modified":"2024-12-23T17:34:20","modified_gmt":"2024-12-23T17:34:20","slug":"prijenosno-vitlo-na-benzinski-motor-kapaciteta-1000-kg-2-95000-e","status":"publish","type":"product","link":"https:\/\/kako.com.hr\/webshop\/izaberi-i-naruci\/komunalni-radovi\/prijenosno-vitlo-na-benzinski-motor-kapaciteta-1000-kg-2-95000-e\/","title":{"rendered":"Prijenosno vitlo na benzinski motor kapaciteta 1000 kg    2.950,00 \u20ac"},"content":{"rendered":"<p>Prijenosno vitlo na benzinski motor kapaciteta 1000 kg\u00a0\u00a0 2.950,00 \u20ac<br \/>\n<img decoding=\"async\" loading=\"lazy\" class=\"alignnone size-full wp-image-1145\" src=\"https:\/\/kako.com.hr\/webshop\/wp-content\/uploads\/2024\/05\/prijenosno-vitlo-1000-kg.png\" alt=\"\" width=\"704\" height=\"704\" srcset=\"https:\/\/kako.com.hr\/webshop\/wp-content\/uploads\/2024\/05\/prijenosno-vitlo-1000-kg.png 704w, https:\/\/kako.com.hr\/webshop\/wp-content\/uploads\/2024\/05\/prijenosno-vitlo-1000-kg-300x300.png 300w, https:\/\/kako.com.hr\/webshop\/wp-content\/uploads\/2024\/05\/prijenosno-vitlo-1000-kg-150x150.png 150w, https:\/\/kako.com.hr\/webshop\/wp-content\/uploads\/2024\/05\/prijenosno-vitlo-1000-kg-100x100.png 100w, https:\/\/kako.com.hr\/webshop\/wp-content\/uploads\/2024\/05\/prijenosno-vitlo-1000-kg-600x600.png 600w\" sizes=\"(max-width: 704px) 100vw, 704px\" \/> <img decoding=\"async\" loading=\"lazy\" class=\"alignnone size-full wp-image-1143\" src=\"https:\/\/kako.com.hr\/webshop\/wp-content\/uploads\/2024\/05\/prijenosno-vitlo-1000-kg-5.png\" alt=\"\" width=\"1115\" height=\"1115\" srcset=\"https:\/\/kako.com.hr\/webshop\/wp-content\/uploads\/2024\/05\/prijenosno-vitlo-1000-kg-5.png 1115w, https:\/\/kako.com.hr\/webshop\/wp-content\/uploads\/2024\/05\/prijenosno-vitlo-1000-kg-5-300x300.png 300w, https:\/\/kako.com.hr\/webshop\/wp-content\/uploads\/2024\/05\/prijenosno-vitlo-1000-kg-5-800x800.png 800w, https:\/\/kako.com.hr\/webshop\/wp-content\/uploads\/2024\/05\/prijenosno-vitlo-1000-kg-5-150x150.png 150w, https:\/\/kako.com.hr\/webshop\/wp-content\/uploads\/2024\/05\/prijenosno-vitlo-1000-kg-5-768x768.png 768w, https:\/\/kako.com.hr\/webshop\/wp-content\/uploads\/2024\/05\/prijenosno-vitlo-1000-kg-5-100x100.png 100w, https:\/\/kako.com.hr\/webshop\/wp-content\/uploads\/2024\/05\/prijenosno-vitlo-1000-kg-5-600x600.png 600w\" sizes=\"(max-width: 1115px) 100vw, 1115px\" \/><\/p>\n<p>Prijenosno vitlo na benzinski motor kapaciteta 1000 kg opremljeno je \u010detverotaktnim motorom Honda GX50, koji nudi veliku snagu do 1,47 kW (2,0 KS) i malu te\u017einu. To je Hondin prvi \u010detverotaktni model u klasi s 2 konjske snage koji se mo\u017ee rotirati za 360\u00b0 za rad i skladi\u0161tenje. Ostale prednosti motora tako\u0111er uklju\u010duju miran rad, dokazanu pouzdanost, jednostavno pokretanje, jednostavno rukovanje i odr\u017eavanje te, naravno, uskla\u0111enost s propisima o emisiji \u0161tetnih plinova.<\/p>\n<p>Vitlo posti\u017ee vu\u010dnu silu od 1000 kg izravno ili 2000 kg nakon upotrebe bloka. Ako vam je potrebna puna snaga, upotrijebite standardni 76-milimetarski \u010dep koji vu\u010de 12 metara u minuti. Ako vam je potrebna ve\u0107a brzina, opcijski 85-milimetarski \u010delen povu\u0107i \u0107e 700 kg pri brzini od 18 metara u minuti. PCW 4000 je prikladan za kori\u0161tenje s u\u017eetom od 12 mm. Duljina u\u017eeta je neograni\u010dena ovisno o va\u0161im potrebama. Ure\u0111aj pru\u017ea dugotrajnu intenzivnu uslugu svakom vlasniku.<br \/>\n<img decoding=\"async\" loading=\"lazy\" class=\"alignnone size-full wp-image-1142\" src=\"https:\/\/kako.com.hr\/webshop\/wp-content\/uploads\/2024\/05\/prijenosno-vitlo-1000-kg-4.png\" alt=\"\" width=\"1115\" height=\"1115\" srcset=\"https:\/\/kako.com.hr\/webshop\/wp-content\/uploads\/2024\/05\/prijenosno-vitlo-1000-kg-4.png 1115w, https:\/\/kako.com.hr\/webshop\/wp-content\/uploads\/2024\/05\/prijenosno-vitlo-1000-kg-4-300x300.png 300w, https:\/\/kako.com.hr\/webshop\/wp-content\/uploads\/2024\/05\/prijenosno-vitlo-1000-kg-4-800x800.png 800w, https:\/\/kako.com.hr\/webshop\/wp-content\/uploads\/2024\/05\/prijenosno-vitlo-1000-kg-4-150x150.png 150w, https:\/\/kako.com.hr\/webshop\/wp-content\/uploads\/2024\/05\/prijenosno-vitlo-1000-kg-4-768x768.png 768w, https:\/\/kako.com.hr\/webshop\/wp-content\/uploads\/2024\/05\/prijenosno-vitlo-1000-kg-4-100x100.png 100w, https:\/\/kako.com.hr\/webshop\/wp-content\/uploads\/2024\/05\/prijenosno-vitlo-1000-kg-4-600x600.png 600w\" sizes=\"(max-width: 1115px) 100vw, 1115px\" \/> <img decoding=\"async\" loading=\"lazy\" class=\"alignnone size-full wp-image-1141\" src=\"https:\/\/kako.com.hr\/webshop\/wp-content\/uploads\/2024\/05\/prijenosno-vitlo-1000-kg-3.png\" alt=\"\" width=\"1114\" height=\"1114\" srcset=\"https:\/\/kako.com.hr\/webshop\/wp-content\/uploads\/2024\/05\/prijenosno-vitlo-1000-kg-3.png 1114w, https:\/\/kako.com.hr\/webshop\/wp-content\/uploads\/2024\/05\/prijenosno-vitlo-1000-kg-3-300x300.png 300w, https:\/\/kako.com.hr\/webshop\/wp-content\/uploads\/2024\/05\/prijenosno-vitlo-1000-kg-3-800x800.png 800w, https:\/\/kako.com.hr\/webshop\/wp-content\/uploads\/2024\/05\/prijenosno-vitlo-1000-kg-3-150x150.png 150w, https:\/\/kako.com.hr\/webshop\/wp-content\/uploads\/2024\/05\/prijenosno-vitlo-1000-kg-3-768x768.png 768w, https:\/\/kako.com.hr\/webshop\/wp-content\/uploads\/2024\/05\/prijenosno-vitlo-1000-kg-3-100x100.png 100w, https:\/\/kako.com.hr\/webshop\/wp-content\/uploads\/2024\/05\/prijenosno-vitlo-1000-kg-3-600x600.png 600w\" sizes=\"(max-width: 1114px) 100vw, 1114px\" \/> <img decoding=\"async\" loading=\"lazy\" class=\"alignnone size-full wp-image-1140\" src=\"https:\/\/kako.com.hr\/webshop\/wp-content\/uploads\/2024\/05\/prijenosno-vitlo-1000-kg-2.png\" alt=\"\" width=\"783\" height=\"783\" srcset=\"https:\/\/kako.com.hr\/webshop\/wp-content\/uploads\/2024\/05\/prijenosno-vitlo-1000-kg-2.png 783w, https:\/\/kako.com.hr\/webshop\/wp-content\/uploads\/2024\/05\/prijenosno-vitlo-1000-kg-2-300x300.png 300w, https:\/\/kako.com.hr\/webshop\/wp-content\/uploads\/2024\/05\/prijenosno-vitlo-1000-kg-2-150x150.png 150w, https:\/\/kako.com.hr\/webshop\/wp-content\/uploads\/2024\/05\/prijenosno-vitlo-1000-kg-2-768x768.png 768w, https:\/\/kako.com.hr\/webshop\/wp-content\/uploads\/2024\/05\/prijenosno-vitlo-1000-kg-2-100x100.png 100w, https:\/\/kako.com.hr\/webshop\/wp-content\/uploads\/2024\/05\/prijenosno-vitlo-1000-kg-2-600x600.png 600w\" sizes=\"(max-width: 783px) 100vw, 783px\" \/><\/p>\n<p>Prijenosno vitlo na benzinski motor kapaciteta 1000 kg opremljeno je automatskom kabelskom ko\u010dnicom koja osigurava da teret ostaje na mjestu \u010dak i ako korisnik prestane vu\u0107i. Ovo je vrlo korisno u potencijalno rizi\u010dnim situacijama. Ova novorazvijena ko\u010dnica jedinstvena je na tr\u017ei\u0161tu vitla. Otpu\u0161ta se automatski, prakti\u010dan je i nje\u017ean prema u\u017eetu.<\/p>\n<p>\u010cim provu\u010dete u\u017ee za navo\u0111enje kroz ko\u010dnicu za vo\u017enju unatrag, vitlo \u0107e po\u010deti vu\u0107i. \u010cim se u\u017ee otpusti, bubanj se prestaje okretati i automatska ko\u010dnica obavlja svoj posao, zadr\u017eavaju\u0107i teret na mjestu.<\/p>\n<p>Prijenosni<br \/>\nNeograni\u010dena duljina u\u017eeta<br \/>\nU\u010dinkovit<br \/>\nMala te\u017eina<br \/>\nBrzo spajanje<br \/>\nJednostavan za kori\u0161tenje<br \/>\nVisoka razina sigurnosti<br \/>\nRadni dio vitla ne zahtijeva odr\u017eavanje<br \/>\nKo\u010dnica za rikverc<\/p>\n<p>Parametri:<\/p>\n<p>Motor: Honda GX50 360\u00b0 vi\u0161epozicijski motor (radi u bilo kojem polo\u017eaju), 4-taktni<\/p>\n<p>Snaga motora: 1,47 kW (2,0 KS)<\/p>\n<p>Vu\u010dna sila: 1000 kg s dodatnim blokom od 2000 kg<\/p>\n<p>Dimenzije (ukupno): 42 cm x 30 cm x 28,5 cm<\/p>\n<p>Bubanj: \u00d8 76 mm<\/p>\n<p>Set uklju\u010duje: Poliesterski monta\u017eni pojas 60 mm x 2 m<\/p>\n<p>Te\u017eina: 12 kg<\/p>\n<p>Preporu\u010deno u\u017ee<\/p>\n<p>Minimalni promjer: 10 mm<\/p>\n<p>Maksimalni promjer: 12 mm<\/p>\n<p>Prijenosno vitlo na benzinski motor kapaciteta 1000 kg mo\u017ee se naru\u010diti slanjem ni\u017ee navedenih podatak na kako@kako.com.hr ili pozivom na 091\/296-5745 (sve ostale info).<br \/>\nNa\u010din pla\u0107anja (prethodno se najaviti na kako@kako.com.hr ili 091\/296-5745): <strong>VIRMANSKI<\/strong>.<\/p>\n<p><a href=\"http:\/\/abarelto.hr\/article-zanimljivosti-FOR%C5%A0PAN.html\">Predstavljaju\u0107i i ostale inovativne proizvode<\/a>\u00a0svjetski renomiranih proizvo\u0111a\u010da te korisna rje\u0161enja koja oni pru\u017eaju pri radu, ovi proizvodi pru\u017eaju sigurnost i garanciju najvi\u0161eg stupnja kvalitete koja je nu\u017eno potrebna na ovom podru\u010dju rada.<\/p>\n<p><strong>PODACI ZA NARUD\u017dBU :<br \/>\n<\/strong><\/p>\n<p>Naziv proizvoda<br \/>\nKoli\u010dina<br \/>\nIme i Prezime ili Naziv poduze\u0107a<br \/>\nAdresa slanja<br \/>\nPo\u0161tanski broj i mjesto<br \/>\nKontakt mobitel osobe koja preuzima proizvod<\/p>\n<p>Ostalo iz ponud OPREME I ALATA pogledajte <a href=\"https:\/\/kako.com.hr\/webshop\/product-category\/oprema-i-alat\/\">OVDJE<\/a>.<\/p>\n<p>&nbsp;<\/p>\n","protected":false},"excerpt":{"rendered":"<p>Prijenosno vitlo na benzinski motor kapaciteta 1000 kg\u00a0\u00a0 2.950,00 \u20ac Prijenosno vitlo na benzinski motor kapaciteta 1000 kg opremljeno je \u010detverotaktnim motorom Honda GX50, koji nudi veliku snagu do 1,47 kW (2,0 KS) i malu te\u017einu. To je Hondin prvi \u010detverotaktni model u klasi s 2 konjske snage koji se mo\u017ee rotirati za 360\u00b0 za [&hellip;]<\/p>\n","protected":false},"featured_media":1144,"comment_status":"open","ping_status":"closed","template":"","meta":{"_monsterinsights_skip_tracking":false,"_monsterinsights_sitenote_active":false,"_monsterinsights_sitenote_note":"","_monsterinsights_sitenote_category":0},"_links":{"self":[{"href":"https:\/\/kako.com.hr\/webshop\/wp-json\/wp\/v2\/product\/1139"}],"collection":[{"href":"https:\/\/kako.com.hr\/webshop\/wp-json\/wp\/v2\/product"}],"about":[{"href":"https:\/\/kako.com.hr\/webshop\/wp-json\/wp\/v2\/types\/product"}],"replies":[{"embeddable":true,"href":"https:\/\/kako.com.hr\/webshop\/wp-json\/wp\/v2\/comments?post=1139"}],"wp:featuredmedia":[{"embeddable":true,"href":"https:\/\/kako.com.hr\/webshop\/wp-json\/wp\/v2\/media\/1144"}],"wp:attachment":[{"href":"https:\/\/kako.com.hr\/webshop\/wp-json\/wp\/v2\/media?parent=1139"}],"curies":[{"name":"wp","href":"https:\/\/api.w.org\/{rel}","templated":true}]}}