{"id":1129,"date":"2024-05-18T06:38:43","date_gmt":"2024-05-18T06:38:43","guid":{"rendered":"https:\/\/kako.com.hr\/webshop\/?post_type=product&#038;p=1129"},"modified":"2024-12-23T17:35:16","modified_gmt":"2024-12-23T17:35:16","slug":"benzinsko-vitlo-kapaciteta-700kg-2-28000-e","status":"publish","type":"product","link":"https:\/\/kako.com.hr\/webshop\/izaberi-i-naruci\/strojevi-vinc-za-povlacenje-kabela\/benzinsko-vitlo-kapaciteta-700kg-2-28000-e\/","title":{"rendered":"Benzinsko vitlo kapaciteta 700kg   2.280,00 \u20ac"},"content":{"rendered":"<p><strong>Benzinsko vitlo kapaciteta 700kg\u00a0\u00a0\u00a0\u00a0 2.280,00 \u20ac<\/strong><\/p>\n<p>Vitlo dizajnirano da bude lagano, u\u010dinkovito i pouzdano. Prijenosno vitlo koje vam poma\u017ee u obavljanju radno intenzivnih zadataka u svim uvjetima terena, bez obzira na duljinu u\u017eeta.<br \/>\n<img decoding=\"async\" loading=\"lazy\" class=\"alignnone size-full wp-image-1133\" src=\"https:\/\/kako.com.hr\/webshop\/wp-content\/uploads\/2024\/05\/vinc-700kg-2.png\" alt=\"\" width=\"811\" height=\"811\" srcset=\"https:\/\/kako.com.hr\/webshop\/wp-content\/uploads\/2024\/05\/vinc-700kg-2.png 811w, https:\/\/kako.com.hr\/webshop\/wp-content\/uploads\/2024\/05\/vinc-700kg-2-300x300.png 300w, https:\/\/kako.com.hr\/webshop\/wp-content\/uploads\/2024\/05\/vinc-700kg-2-800x800.png 800w, https:\/\/kako.com.hr\/webshop\/wp-content\/uploads\/2024\/05\/vinc-700kg-2-150x150.png 150w, https:\/\/kako.com.hr\/webshop\/wp-content\/uploads\/2024\/05\/vinc-700kg-2-768x768.png 768w, https:\/\/kako.com.hr\/webshop\/wp-content\/uploads\/2024\/05\/vinc-700kg-2-100x100.png 100w, https:\/\/kako.com.hr\/webshop\/wp-content\/uploads\/2024\/05\/vinc-700kg-2-600x600.png 600w\" sizes=\"(max-width: 811px) 100vw, 811px\" \/> <img decoding=\"async\" loading=\"lazy\" class=\"alignnone size-full wp-image-1134\" src=\"https:\/\/kako.com.hr\/webshop\/wp-content\/uploads\/2024\/05\/vinc-700kg.png\" alt=\"\" width=\"854\" height=\"854\" srcset=\"https:\/\/kako.com.hr\/webshop\/wp-content\/uploads\/2024\/05\/vinc-700kg.png 854w, https:\/\/kako.com.hr\/webshop\/wp-content\/uploads\/2024\/05\/vinc-700kg-300x300.png 300w, https:\/\/kako.com.hr\/webshop\/wp-content\/uploads\/2024\/05\/vinc-700kg-800x800.png 800w, https:\/\/kako.com.hr\/webshop\/wp-content\/uploads\/2024\/05\/vinc-700kg-150x150.png 150w, https:\/\/kako.com.hr\/webshop\/wp-content\/uploads\/2024\/05\/vinc-700kg-768x768.png 768w, https:\/\/kako.com.hr\/webshop\/wp-content\/uploads\/2024\/05\/vinc-700kg-100x100.png 100w, https:\/\/kako.com.hr\/webshop\/wp-content\/uploads\/2024\/05\/vinc-700kg-600x600.png 600w\" sizes=\"(max-width: 854px) 100vw, 854px\" \/><br \/>\nPokre\u0107e ga \u010detverotaktni motor Honda GX-35 cm3. Izuzetno popularan me\u0111u lovcima koji tra\u017ee lagan, kompaktan alat. Cijene ga povremeni korisnici kojima je potrebno u\u010dinkovito vitlo za razli\u010dite vrste terenskih zadataka.<\/p>\n<p>Te\u017eak je samo 9,5 kg. Kapacitet 700 kg vu\u010dne sile izravno na jednom u\u017eetu ili 1000 kg preko kolotura. U\u010cINKOVIT i vrlo jednostavan za transport.<\/p>\n<p><strong>Benzinsko vitlo kapaciteta 700kg<\/strong> omogu\u0107uje kori\u0161tenje u\u017eeta bilo koje duljine. Savr\u0161eno u\u017ee za ovaj model je dvostruko pleteno poliestersko u\u017ee promjera 10 mm!<\/p>\n<p>Vrlo jednostavan za kori\u0161tenje! U\u017ee je pri\u010dvr\u0161\u0107eno za predmet koji se pomi\u010de, a na suprotnom kraju omotano je tri (ili \u010detiri) puta oko bubnja. Dok motor radi, dobo\u0161 se neprekidno okre\u0107e, a trenje koje nastaje povla\u010denjem\/zatezanjem slobodnog kraja u\u017eeta pomi\u010de u\u017ee i vu\u010de predmet.<br \/>\n<img decoding=\"async\" loading=\"lazy\" class=\"alignnone size-full wp-image-1137\" src=\"https:\/\/kako.com.hr\/webshop\/wp-content\/uploads\/2024\/05\/vinc-700-kg-5-1.png\" alt=\"\" width=\"549\" height=\"549\" srcset=\"https:\/\/kako.com.hr\/webshop\/wp-content\/uploads\/2024\/05\/vinc-700-kg-5-1.png 549w, https:\/\/kako.com.hr\/webshop\/wp-content\/uploads\/2024\/05\/vinc-700-kg-5-1-300x300.png 300w, https:\/\/kako.com.hr\/webshop\/wp-content\/uploads\/2024\/05\/vinc-700-kg-5-1-150x150.png 150w, https:\/\/kako.com.hr\/webshop\/wp-content\/uploads\/2024\/05\/vinc-700-kg-5-1-100x100.png 100w\" sizes=\"(max-width: 549px) 100vw, 549px\" \/><br \/>\nPrijenosno motorno vitlo tako\u0111er nudi niz transportnih dodataka koji olak\u0161avaju rad na polju, \u010dak i na velikim udaljenostima!<br \/>\nBez obzira koristite li profiliranu transportnu kutiju pri\u010dvr\u0161\u0107enu na okvir ruksaka\u00a0 ili nosa\u010d za kuku za vu\u010du za terensko vozilo,<br \/>\n<img decoding=\"async\" loading=\"lazy\" class=\"alignnone size-full wp-image-1136\" src=\"https:\/\/kako.com.hr\/webshop\/wp-content\/uploads\/2024\/05\/vinc-700-kg-4-1.png\" alt=\"\" width=\"945\" height=\"944\" srcset=\"https:\/\/kako.com.hr\/webshop\/wp-content\/uploads\/2024\/05\/vinc-700-kg-4-1.png 945w, https:\/\/kako.com.hr\/webshop\/wp-content\/uploads\/2024\/05\/vinc-700-kg-4-1-300x300.png 300w, https:\/\/kako.com.hr\/webshop\/wp-content\/uploads\/2024\/05\/vinc-700-kg-4-1-800x800.png 800w, https:\/\/kako.com.hr\/webshop\/wp-content\/uploads\/2024\/05\/vinc-700-kg-4-1-150x150.png 150w, https:\/\/kako.com.hr\/webshop\/wp-content\/uploads\/2024\/05\/vinc-700-kg-4-1-768x767.png 768w, https:\/\/kako.com.hr\/webshop\/wp-content\/uploads\/2024\/05\/vinc-700-kg-4-1-100x100.png 100w, https:\/\/kako.com.hr\/webshop\/wp-content\/uploads\/2024\/05\/vinc-700-kg-4-1-600x599.png 600w\" sizes=\"(max-width: 945px) 100vw, 945px\" \/><br \/>\nKomplet uklju\u010duje vi\u0161enamjensku traku od poliestera (60 mm x 2 m) koja se mo\u017ee koristiti za mnoge primjene monta\u017ee i sidrenja vitla.<\/p>\n<p>Prijenosni<br \/>\nNeograni\u010dena duljina u\u017eeta<br \/>\nU\u010dinkovito<br \/>\nsvjetlo<br \/>\nBrza monta\u017ea<br \/>\nJednostavan za kori\u0161tenje<br \/>\nVisoka sigurnost i udobnost rada<br \/>\nBez odr\u017eavanja (bez odr\u017eavanja ili pregleda)<\/p>\n<p>Kapacitet vu\u010de:<br \/>\nMaksimalna vu\u010dna sila s tvorni\u010dki ugra\u0111enim bubnjem: 700 kg izravno ili 1000 kg s blokom<\/p>\n<p>Kapstan bubnjevi<br \/>\nTvorni\u010dki ugra\u0111eno: 76 mm<\/p>\n<p>Ubrzati<br \/>\nBubanj 76 mm: 10 m\/min<\/p>\n<p>Preporu\u010deno u\u017ee<br \/>\nNisko rastezljivo dvostruko pleteno poliestersko u\u017ee &#8211; neograni\u010dena duljina<br \/>\nMinimalni promjer u\u017eeta: 10 mm<br \/>\nMaksimalni promjer u\u017eeta: 12 mm<br \/>\nIdealni\/preporu\u010deni promjer u\u017eeta: 10 mm<\/p>\n<p>Motor i mjenja\u010d<br \/>\nMotor: Honda 4-taktni GX-35 cc &#8211; sve pozicije<br \/>\nZup\u010danici i zup\u010danici: Ku\u0107i\u0161te od aluminijske legure. Termi\u010dki obra\u0111eni mjenja\u010di s 3 brzine. Osovine montirane na kugli\u010dne le\u017eajeve. Podmazivanje u koritu ulja.<\/p>\n<p>Prijenosni omjer: 200:1<br \/>\nKo\u010dnica: Igli\u010dasti le\u017eaj protiv rikverca<br \/>\nSpojka: nije primjenjivo &#8211; izravni pogon<br \/>\nBubanj se okre\u0107e u praznom hodu: Da<br \/>\nRadni ciklus: kontinuirano<\/p>\n<p>Te\u017eina i dimenzije<br \/>\nTe\u017eina: 9,5 kg<br \/>\nDuljina: 28,9 cm<br \/>\n\u0160irina: 35 cm<br \/>\nVisina: 26,1 cm<\/p>\n<p>Monta\u017ea<br \/>\nUklju\u010duje poliesterski remen 60 mm x 2 m<\/p>\n<p><strong>Benzinsko vitlo kapaciteta 700kg<\/strong> mo\u017ee se naru\u010diti slanjem ni\u017ee navedenih podatak na kako@kako.com.hr ili pozivom na 091\/296-5745 (sve ostale info).<br \/>\nNa\u010din pla\u0107anja (prethodno se najaviti na kako@kako.com.hr ili 091\/296-5745): <strong>VIRMANSKI<\/strong>.<\/p>\n<p><a href=\"http:\/\/abarelto.hr\/article-zanimljivosti-FOR%C5%A0PAN.html\">Predstavljaju\u0107i i ostale inovativne proizvode<\/a>\u00a0svjetski renomiranih proizvo\u0111a\u010da te korisna rje\u0161enja koja oni pru\u017eaju pri radu, ovi proizvodi pru\u017eaju sigurnost i garanciju najvi\u0161eg stupnja kvalitete koja je nu\u017eno potrebna na ovom podru\u010dju rada.<\/p>\n<p><strong>PODACI ZA NARUD\u017dBU :<br \/>\n<\/strong><\/p>\n<p>Naziv proizvoda<br \/>\nKoli\u010dina<br \/>\nIme i Prezime ili Naziv poduze\u0107a<br \/>\nAdresa slanja<br \/>\nPo\u0161tanski broj i mjesto<br \/>\nKontakt mobitel osobe koja preuzima proizvod<\/p>\n<p>Ostalo iz ponud OPREME I ALATA pogledajte <a href=\"https:\/\/kako.com.hr\/webshop\/product-category\/oprema-i-alat\/\">OVDJE<\/a>.<\/p>\n","protected":false},"excerpt":{"rendered":"<p>Benzinsko vitlo kapaciteta 700kg\u00a0\u00a0\u00a0\u00a0 2.280,00 \u20ac Vitlo dizajnirano da bude lagano, u\u010dinkovito i pouzdano. Prijenosno vitlo koje vam poma\u017ee u obavljanju radno intenzivnih zadataka u svim uvjetima terena, bez obzira na duljinu u\u017eeta. Pokre\u0107e ga \u010detverotaktni motor Honda GX-35 cm3. Izuzetno popularan me\u0111u lovcima koji tra\u017ee lagan, kompaktan alat. Cijene ga povremeni korisnici kojima je [&hellip;]<\/p>\n","protected":false},"featured_media":1130,"comment_status":"open","ping_status":"closed","template":"","meta":{"_monsterinsights_skip_tracking":false,"_monsterinsights_sitenote_active":false,"_monsterinsights_sitenote_note":"","_monsterinsights_sitenote_category":0},"_links":{"self":[{"href":"https:\/\/kako.com.hr\/webshop\/wp-json\/wp\/v2\/product\/1129"}],"collection":[{"href":"https:\/\/kako.com.hr\/webshop\/wp-json\/wp\/v2\/product"}],"about":[{"href":"https:\/\/kako.com.hr\/webshop\/wp-json\/wp\/v2\/types\/product"}],"replies":[{"embeddable":true,"href":"https:\/\/kako.com.hr\/webshop\/wp-json\/wp\/v2\/comments?post=1129"}],"wp:featuredmedia":[{"embeddable":true,"href":"https:\/\/kako.com.hr\/webshop\/wp-json\/wp\/v2\/media\/1130"}],"wp:attachment":[{"href":"https:\/\/kako.com.hr\/webshop\/wp-json\/wp\/v2\/media?parent=1129"}],"curies":[{"name":"wp","href":"https:\/\/api.w.org\/{rel}","templated":true}]}}