{"id":1084,"date":"2024-04-11T13:26:51","date_gmt":"2024-04-11T13:26:51","guid":{"rendered":"https:\/\/kako.com.hr\/webshop\/?post_type=product&#038;p=1084"},"modified":"2024-12-23T17:46:59","modified_gmt":"2024-12-23T17:46:59","slug":"noz-za-skidanje-vanjskog-plasta-i-primarne-izolacije-kabela-32-70mm-1-22500","status":"publish","type":"product","link":"https:\/\/kako.com.hr\/webshop\/izaberi-i-naruci\/oprema-i-alat\/noz-za-skidanje-vanjskog-plasta-i-primarne-izolacije-kabela-32-70mm-1-22500\/","title":{"rendered":"No\u017e za skidanje vanjskog pla\u0161ta i primarne izolacije kabela 32-70mm   1.225,00 \u20ac"},"content":{"rendered":"<p>No\u017e za skidanje vanjskog pla\u0161ta kabela promjera 32-70mm i primarne izolacije sa samo jednim alatom.<br \/>\n<img decoding=\"async\" loading=\"lazy\" class=\"alignnone size-full wp-image-1086\" src=\"https:\/\/kako.com.hr\/webshop\/wp-content\/uploads\/2024\/04\/Noz-za-skidanje-vanjskog-plasta-32-70mm2.png\" alt=\"\" width=\"920\" height=\"472\" srcset=\"https:\/\/kako.com.hr\/webshop\/wp-content\/uploads\/2024\/04\/Noz-za-skidanje-vanjskog-plasta-32-70mm2.png 920w, https:\/\/kako.com.hr\/webshop\/wp-content\/uploads\/2024\/04\/Noz-za-skidanje-vanjskog-plasta-32-70mm2-300x154.png 300w, https:\/\/kako.com.hr\/webshop\/wp-content\/uploads\/2024\/04\/Noz-za-skidanje-vanjskog-plasta-32-70mm2-800x410.png 800w, https:\/\/kako.com.hr\/webshop\/wp-content\/uploads\/2024\/04\/Noz-za-skidanje-vanjskog-plasta-32-70mm2-768x394.png 768w, https:\/\/kako.com.hr\/webshop\/wp-content\/uploads\/2024\/04\/Noz-za-skidanje-vanjskog-plasta-32-70mm2-600x308.png 600w\" sizes=\"(max-width: 920px) 100vw, 920px\" \/><br \/>\nInovativan proizvod razvijen je posebno za rezanje i priprema ve\u0107ih promjera kabela s velikim presjecima.<br \/>\nRadni raspon tog alata je izme\u0111u promjera <strong>\u00d8 32 \u2013 70 mm<\/strong> i mo\u017ee se rezati debljina stijenke do cca.14 mm.<br \/>\nUmetanjem dodatnog plasti\u010dnog kliza\u010da najmanji promjer kabela bio bi cca.. oko \u00d8 20 mm.<\/p>\n<p>No\u017e za skidanje vanjskog pla\u0161ta i primarne izolacije kabela 32-70mm mo\u017ee se naru\u010diti slanjem ni\u017ee navedenih podatak na kako@kako.com.hr ili pozivom na 091\/296-5745 (sve ostale info). Na\u010din pla\u0107anja (prethodno se najaviti na kako@kako.com.hr ili 091\/296-5745): <strong>POUZE\u0106E<\/strong> ili <strong>VIRMANSKI<\/strong>.<\/p>\n<p><strong>PODACI ZA NARUD\u017dBU :<br \/>\n<\/strong>Naziv proizvoda<br \/>\nKoli\u010dina<br \/>\nIme i Prezime ili Naziv poduze\u0107a<br \/>\nAdresa slanja<br \/>\nPo\u0161tanski broj i mjesto<br \/>\nKontakt mobitel osobe koja preuzima proizvod<\/p>\n<p>U ponudi je sljede\u0107a oprema i alat za elektroenergetske, gra\u0111evinske, komunalne i ostale vrste radova:<\/p>\n<p>1. For\u0161pan sajla \u2013 od 10 d0 300 metara duljine, od 4,5mm do 14 mm presjeka (fi)<br \/>\n2. Gurtne \u2013 s om\u010dama, beskona\u010dne, s mehanizmom, kompleti\u2026<br \/>\n3. Sajle, \u010deli\u010dna u\u017ead<br \/>\n4. Lanci<br \/>\n5. Koloturnici<br \/>\n6. Kabelske uvodnice<br \/>\n7. Karabineri, kuke, stezaljke, al-\u010de stezaljke, automatske stezaljke, trafo stezaljke,<br \/>\nVijci, matice, \u0161kopci, alke\u2026<br \/>\n8. Vitla, vage, magneti, hvataljke, kolica<br \/>\n9. Inox program<\/p>\n<p>Za sve modele koji nisu pojedina\u010dno navedeni u proizvodima, slobodno nam se javite na upit.<\/p>\n","protected":false},"excerpt":{"rendered":"<p>No\u017e za skidanje vanjskog pla\u0161ta kabela promjera 32-70mm i primarne izolacije sa samo jednim alatom. Inovativan proizvod razvijen je posebno za rezanje i priprema ve\u0107ih promjera kabela s velikim presjecima. Radni raspon tog alata je izme\u0111u promjera \u00d8 32 \u2013 70 mm i mo\u017ee se rezati debljina stijenke do cca.14 mm. Umetanjem dodatnog plasti\u010dnog kliza\u010da [&hellip;]<\/p>\n","protected":false},"featured_media":1087,"comment_status":"open","ping_status":"closed","template":"","meta":{"_monsterinsights_skip_tracking":false,"_monsterinsights_sitenote_active":false,"_monsterinsights_sitenote_note":"","_monsterinsights_sitenote_category":0},"_links":{"self":[{"href":"https:\/\/kako.com.hr\/webshop\/wp-json\/wp\/v2\/product\/1084"}],"collection":[{"href":"https:\/\/kako.com.hr\/webshop\/wp-json\/wp\/v2\/product"}],"about":[{"href":"https:\/\/kako.com.hr\/webshop\/wp-json\/wp\/v2\/types\/product"}],"replies":[{"embeddable":true,"href":"https:\/\/kako.com.hr\/webshop\/wp-json\/wp\/v2\/comments?post=1084"}],"wp:featuredmedia":[{"embeddable":true,"href":"https:\/\/kako.com.hr\/webshop\/wp-json\/wp\/v2\/media\/1087"}],"wp:attachment":[{"href":"https:\/\/kako.com.hr\/webshop\/wp-json\/wp\/v2\/media?parent=1084"}],"curies":[{"name":"wp","href":"https:\/\/api.w.org\/{rel}","templated":true}]}}