{"id":1075,"date":"2024-02-01T13:36:55","date_gmt":"2024-02-01T13:36:55","guid":{"rendered":"https:\/\/kako.com.hr\/webshop\/?post_type=product&#038;p=1075"},"modified":"2024-12-23T17:46:35","modified_gmt":"2024-12-23T17:46:35","slug":"uvodnica-s-3-valjka-za-saht-25300-e","status":"publish","type":"product","link":"https:\/\/kako.com.hr\/webshop\/izaberi-i-naruci\/manipulacija-kabelima\/uvodnica-s-3-valjka-za-saht-25300-e\/","title":{"rendered":"Uvodnica s 3 valjka za \u0161aht  253,00 \u20ac"},"content":{"rendered":"<p>Uvodnica s 3 valjka za \u0161aht 253,00 \u20ac<\/p>\n<p>Uvodnica s 3 valjka za \u0161aht na kugli\u010dnim le\u017eajevima s pocin\u010danim<br \/>\n\u010deli\u010dnim okvirom &#8211;\u00a0 pogodno za ulaz\/izlaz kablova iz \u0161ahtova.<br \/>\n<img decoding=\"async\" loading=\"lazy\" class=\"alignnone size-full wp-image-1076\" src=\"https:\/\/kako.com.hr\/webshop\/wp-content\/uploads\/2024\/02\/Uvodnica-s-3-valjka-za-saht.2png.png\" alt=\"\" width=\"305\" height=\"121\" srcset=\"https:\/\/kako.com.hr\/webshop\/wp-content\/uploads\/2024\/02\/Uvodnica-s-3-valjka-za-saht.2png.png 305w, https:\/\/kako.com.hr\/webshop\/wp-content\/uploads\/2024\/02\/Uvodnica-s-3-valjka-za-saht.2png-300x119.png 300w\" sizes=\"(max-width: 305px) 100vw, 305px\" \/><\/p>\n<p>Uvodni valjak za \u0161aht od aluminija na kugl-le\u017eajevima, montiran na okvir od pocin\u010danog \u010delika,pogodan za ulaz kabela u \u0161aht.<\/p>\n<p>Uvodnica s 3 valjka za \u0161aht mo\u017ee se naru\u010diti slanjem ni\u017ee navedenih podatak na kako@kako.com.hr ili pozivom na 091\/296-5745 (sve ostale info).<br \/>\nNa\u010din pla\u0107anja (prethodno se najaviti na kako@kako.com.hr ili 091\/296-5745): <strong>POUZE\u0106E<\/strong> ili <strong>VIRMANSKI<\/strong>.<\/p>\n<p><strong>PODACI ZA NARUD\u017dBU :<br \/>\n<\/strong>Naziv proizvoda<br \/>\nKoli\u010dina<br \/>\nIme i Prezime ili Naziv poduze\u0107a<br \/>\nAdresa slanja<br \/>\nPo\u0161tanski broj i mjesto<br \/>\nKontakt mobitel osobe koja preuzima proizvod<\/p>\n<p>Ostalo iz ponude alata i opreme mo\u017eete vidjeti <a href=\"https:\/\/kako.com.hr\/webshop\/product-category\/oprema-i-alat\/\">OVDJE<\/a><\/p>\n<div class=\"term-description\">\n<p>U ponudi je sljede\u0107a oprema i alat za elektroenergetske, gra\u0111evinske, komunalne i ostale vrste radova:<\/p>\n<p>1. For\u0161pan sajla \u2013 od 10 d0 300 metara duljine, od 4,5mm do 14 mm presjeka (fi)<br \/>\n2. Gurtne \u2013 s om\u010dama, beskona\u010dne, s mehanizmom, kompleti\u2026<br \/>\n3. Sajle, \u010deli\u010dna u\u017ead<br \/>\n4. Lanci<br \/>\n5. Koloturnici<br \/>\n6. Kabelske uvodnice<br \/>\n7. Karabineri, kuke, stezaljke, al-\u010de stezaljke, automatske stezaljke, trafo stezaljke,<br \/>\nVijci, matice, \u0161kopci, alke\u2026<br \/>\n8. Vitla, vage, magneti, hvataljke, kolica<br \/>\n9. Inox program<\/p>\n<p>Za sve modele koji nisu pojedina\u010dno navedeni u proizvodima, slobodno nam se javite na upit.<\/p>\n<\/div>\n","protected":false},"excerpt":{"rendered":"<p>Uvodnica s 3 valjka za \u0161aht 253,00 \u20ac Uvodnica s 3 valjka za \u0161aht na kugli\u010dnim le\u017eajevima s pocin\u010danim \u010deli\u010dnim okvirom &#8211;\u00a0 pogodno za ulaz\/izlaz kablova iz \u0161ahtova. Uvodni valjak za \u0161aht od aluminija na kugl-le\u017eajevima, montiran na okvir od pocin\u010danog \u010delika,pogodan za ulaz kabela u \u0161aht. Uvodnica s 3 valjka za \u0161aht mo\u017ee se [&hellip;]<\/p>\n","protected":false},"featured_media":1077,"comment_status":"open","ping_status":"closed","template":"","meta":{"_monsterinsights_skip_tracking":false,"_monsterinsights_sitenote_active":false,"_monsterinsights_sitenote_note":"","_monsterinsights_sitenote_category":0},"_links":{"self":[{"href":"https:\/\/kako.com.hr\/webshop\/wp-json\/wp\/v2\/product\/1075"}],"collection":[{"href":"https:\/\/kako.com.hr\/webshop\/wp-json\/wp\/v2\/product"}],"about":[{"href":"https:\/\/kako.com.hr\/webshop\/wp-json\/wp\/v2\/types\/product"}],"replies":[{"embeddable":true,"href":"https:\/\/kako.com.hr\/webshop\/wp-json\/wp\/v2\/comments?post=1075"}],"wp:featuredmedia":[{"embeddable":true,"href":"https:\/\/kako.com.hr\/webshop\/wp-json\/wp\/v2\/media\/1077"}],"wp:attachment":[{"href":"https:\/\/kako.com.hr\/webshop\/wp-json\/wp\/v2\/media?parent=1075"}],"curies":[{"name":"wp","href":"https:\/\/api.w.org\/{rel}","templated":true}]}}