{"id":1070,"date":"2024-02-01T12:55:11","date_gmt":"2024-02-01T12:55:11","guid":{"rendered":"https:\/\/kako.com.hr\/webshop\/?post_type=product&#038;p=1070"},"modified":"2024-02-01T12:55:11","modified_gmt":"2024-02-01T12:55:11","slug":"kabelski-stalak-200-dan-25800e","status":"publish","type":"product","link":"https:\/\/kako.com.hr\/webshop\/izaberi-i-naruci\/manipulacija-kabelima\/kabelski-stalak-200-dan-25800e\/","title":{"rendered":"Kabelski stalak 200 daN   258,00\u20ac"},"content":{"rendered":"<p>Kabelski stalak 200 daN 258,00\u20ac<\/p>\n<pre id=\"tw-target-text\" class=\"tw-data-text tw-text-large tw-ta\" dir=\"ltr\" data-placeholder=\"Translation\" data-ved=\"2ahUKEwjF5_nslYqEAxXJgv0HHZdPAboQ3ewLegQIBhAP\"><span class=\"Y2IQFc\" lang=\"hr\">Okvir za manipulaciju i razmatanje kabela na \u010deli\u010dnim \r\nvaljcima sa kugli\u010dnim le\u017eajevima, montirani na pocin\u010dani\r\n\u010deli\u010dni okvir, prikladan tijekom razvla\u010denja kabela.<\/span><\/pre>\n<p><img decoding=\"async\" loading=\"lazy\" class=\"alignnone size-full wp-image-1071\" src=\"https:\/\/kako.com.hr\/webshop\/wp-content\/uploads\/2024\/02\/kabelski-stalak-200-daN.2png.png\" alt=\"\" width=\"425\" height=\"128\" srcset=\"https:\/\/kako.com.hr\/webshop\/wp-content\/uploads\/2024\/02\/kabelski-stalak-200-daN.2png.png 425w, https:\/\/kako.com.hr\/webshop\/wp-content\/uploads\/2024\/02\/kabelski-stalak-200-daN.2png-300x90.png 300w\" sizes=\"(max-width: 425px) 100vw, 425px\" \/><\/p>\n<p>Kabelski stalak mo\u017ee se naru\u010diti slanjem ni\u017ee navedenih podatak na kako@kako.com.hr ili pozivom na 091\/296-5745 (sve ostale info).<br \/>\nNa\u010din pla\u0107anja (prethodno se najaviti na kako@kako.com.hr ili 091\/296-5745): <strong>POUZE\u0106E<\/strong> ili <strong>VIRMANSKI<\/strong>.<\/p>\n<p><strong>PODACI ZA NARUD\u017dBU :<br \/>\n<\/strong>Naziv proizvoda<br \/>\nKoli\u010dina<br \/>\nIme i Prezime ili Naziv poduze\u0107a<br \/>\nAdresa slanja<br \/>\nPo\u0161tanski broj i mjesto<br \/>\nKontakt mobitel osobe koja preuzima proizvod<\/p>\n<p>Ostalo iz ponude alata i opreme mo\u017eete vidjeti <a href=\"https:\/\/kako.com.hr\/webshop\/product-category\/oprema-i-alat\/\">OVDJE<\/a><\/p>\n<div class=\"term-description\">\n<p>U ponudi je sljede\u0107a oprema i alat za elektroenergetske, gra\u0111evinske, komunalne i ostale vrste radova:<\/p>\n<p>1. For\u0161pan sajla \u2013 od 10 d0 300 metara duljine, od 4,5mm do 14 mm presjeka (fi)<br \/>\n2. Gurtne \u2013 s om\u010dama, beskona\u010dne, s mehanizmom, kompleti\u2026<br \/>\n3. Sajle, \u010deli\u010dna u\u017ead<br \/>\n4. Lanci<br \/>\n5. Koloturnici<br \/>\n6. Kabelske uvodnice<br \/>\n7. Karabineri, kuke, stezaljke, al-\u010de stezaljke, automatske stezaljke, trafo stezaljke,<br \/>\nVijci, matice, \u0161kopci, alke\u2026<br \/>\n8. Vitla, vage, magneti, hvataljke, kolica<br \/>\n9. Inox program<\/p>\n<p>Za sve modele koji nisu pojedina\u010dno navedeni u proizvodima, slobodno nam se javite na upit.<\/p>\n<\/div>\n","protected":false},"excerpt":{"rendered":"<p>Kabelski stalak 200 daN 258,00\u20ac Okvir za manipulaciju i razmatanje kabela na \u010deli\u010dnim valjcima sa kugli\u010dnim le\u017eajevima, montirani na pocin\u010dani \u010deli\u010dni okvir, prikladan tijekom razvla\u010denja kabela. Kabelski stalak mo\u017ee se naru\u010diti slanjem ni\u017ee navedenih podatak na kako@kako.com.hr ili pozivom na 091\/296-5745 (sve ostale info). Na\u010din pla\u0107anja (prethodno se najaviti na kako@kako.com.hr ili 091\/296-5745): POUZE\u0106E ili [&hellip;]<\/p>\n","protected":false},"featured_media":1072,"comment_status":"open","ping_status":"closed","template":"","meta":{"_monsterinsights_skip_tracking":false,"_monsterinsights_sitenote_active":false,"_monsterinsights_sitenote_note":"","_monsterinsights_sitenote_category":0},"_links":{"self":[{"href":"https:\/\/kako.com.hr\/webshop\/wp-json\/wp\/v2\/product\/1070"}],"collection":[{"href":"https:\/\/kako.com.hr\/webshop\/wp-json\/wp\/v2\/product"}],"about":[{"href":"https:\/\/kako.com.hr\/webshop\/wp-json\/wp\/v2\/types\/product"}],"replies":[{"embeddable":true,"href":"https:\/\/kako.com.hr\/webshop\/wp-json\/wp\/v2\/comments?post=1070"}],"wp:featuredmedia":[{"embeddable":true,"href":"https:\/\/kako.com.hr\/webshop\/wp-json\/wp\/v2\/media\/1072"}],"wp:attachment":[{"href":"https:\/\/kako.com.hr\/webshop\/wp-json\/wp\/v2\/media?parent=1070"}],"curies":[{"name":"wp","href":"https:\/\/api.w.org\/{rel}","templated":true}]}}