{"id":1001,"date":"2022-11-22T13:45:03","date_gmt":"2022-11-22T13:45:03","guid":{"rendered":"https:\/\/kako.com.hr\/webshop\/?post_type=product&#038;p=1001"},"modified":"2022-11-22T13:58:24","modified_gmt":"2022-11-22T13:58:24","slug":"ridgid-glava-za-rezanje-sc-60c-al-cu-7-25000-kn-96224-e","status":"publish","type":"product","link":"https:\/\/kako.com.hr\/webshop\/izaberi-i-naruci\/oprema-i-alat\/ridgid-glava-za-rezanje-sc-60c-al-cu-7-25000-kn-96224-e\/","title":{"rendered":"RIDGID glava za rezanje SC-60C Al\/Cu 6.250,00 kn\/ 829,52 \u20ac"},"content":{"rendered":"<p>RIDGID glava za rezanje SC-60C Al\/Cu 6.250,00 kn\/ 962,24 \u20ac<\/p>\n<p>SC-60C GLAVA SA \u0160KARAMA ZA ODSIJECANJE<br \/>\nNapravljena od \u010delika visoke \u010dvrsto\u0107e, SC-60C je dizajnirana za jednostavno rezanje do 50 mm<br \/>\nbakrene i aluminijske gra\u0111evinske \u017eice i fino pletene bakrene \u017eice. Posebna SC-60C glava za<br \/>\nrezanje sa zamjenjivim o\u0161tricama dostupna je za rezanje ACSR kabela do promjera od 30 mm.<br \/>\nSC-60C standardno se isporu\u010duje sa kompletom o\u0161trica za bakrene i aluminijske gra\u0111evinske<br \/>\n\u017eice.<\/p>\n<p><strong>Prednosti<\/strong><\/p>\n<p>\u2022 Zamjenjive glave i o\u0161trice za rezanje bakrene\/aluminijske gra\u0111evinske \u017eice do 50 mm pro-<br \/>\nmjera i fino pletene bakrene \u017eice ili ACSR kabela promjera do 30 mm.<\/p>\n<p>\u2022 Rotacija glave od 360\u00b0 doprinosi sposobnosti manevriranja u uskim prostorima.<br \/>\n\u2022 Kombinirajte s drugim glavama u QuickChange sustavu kako biste maksimizirali u\u010dinkovitost<br \/>\ni produktivnost na radnom mjestu.<\/p>\n<p><strong>Tehni\u010dki podaci<\/strong><br \/>\n\u2022 Maks. kapacitet rezanja bakrene\/aluminijske gra\u0111evinske \u017eice &amp; fino pletene bakrene \u017eice:<br \/>\n50 mm (uklj. izolaciju kabela) 4 \u00d7 120 mm2 bakrene i aluminijske \u017eice.<br \/>\n\u2022 Maks. kapacitet rezanja ACSR kabela: 30 mm.<br \/>\n\u2022 Zamjenjiva glava je kompatibilna s 60kN RIDGID\u00ae elektri\u010dnim alatima koji ima QuickChange<br \/>\nsustav.<br \/>\n\u2022 Napravljen od legure \u010delika visoke \u010dvrsto\u0107e za pove\u0107anje trajnosti i radnog vijeka glave sa<br \/>\n\u0161karama za odsijecanje.<br \/>\n\u2022 Pribli\u017eno trajanje rezanja: 5 sekundi.<\/p>\n<p>RIDGID glava za rezanje mo\u017ee se naru\u010diti slanjem ni\u017ee navedenih podatak na kako@kako.com.hr ili pozivom na 091\/296-5745 (sve ostale info).<br \/>\nNa\u010din pla\u0107anja i detaljnije info. (prethodno se najaviti na kako@kako.com.hr ili 091\/296-5745):\u00a0 <strong>VIRMANSKI<\/strong>.<br \/>\nSvi proizvodi su novi, zapakirani, ne kori\u0161teni!<\/p>\n<p><strong>PODACI ZA NARUD\u017dBU :<br \/>\n<\/strong><\/p>\n<p>Naziv proizvoda<br \/>\nKoli\u010dina<br \/>\nIme i Prezime ili Naziv poduze\u0107a<br \/>\nAdresa slanja<br \/>\nPo\u0161tanski broj i mjesto<br \/>\nKontakt mobitel osobe koja preuzima proizvod<\/p>\n<p><a href=\"http:\/\/abarelto.hr\/article-zanimljivosti-FOR%C5%A0PAN.html\">Predstavljaju\u0107i i ostale inovativne proizvode<\/a>\u00a0svjetski renomiranih proizvo\u0111a\u010da te korisna rje\u0161enja koja oni pru\u017eaju pri radu, ovi proizvodi pru\u017eaju sigurnost i garanciju najvi\u0161eg stupnja kvalitete koja je nu\u017eno potrebna na ovom podru\u010dju rada.<\/p>\n","protected":false},"excerpt":{"rendered":"<p>RIDGID glava za rezanje SC-60C Al\/Cu 6.250,00 kn\/ 962,24 \u20ac SC-60C GLAVA SA \u0160KARAMA ZA ODSIJECANJE Napravljena od \u010delika visoke \u010dvrsto\u0107e, SC-60C je dizajnirana za jednostavno rezanje do 50 mm bakrene i aluminijske gra\u0111evinske \u017eice i fino pletene bakrene \u017eice. Posebna SC-60C glava za rezanje sa zamjenjivim o\u0161tricama dostupna je za rezanje ACSR kabela do [&hellip;]<\/p>\n","protected":false},"featured_media":1002,"comment_status":"open","ping_status":"closed","template":"","meta":{"_monsterinsights_skip_tracking":false,"_monsterinsights_sitenote_active":false,"_monsterinsights_sitenote_note":"","_monsterinsights_sitenote_category":0},"_links":{"self":[{"href":"https:\/\/kako.com.hr\/webshop\/wp-json\/wp\/v2\/product\/1001"}],"collection":[{"href":"https:\/\/kako.com.hr\/webshop\/wp-json\/wp\/v2\/product"}],"about":[{"href":"https:\/\/kako.com.hr\/webshop\/wp-json\/wp\/v2\/types\/product"}],"replies":[{"embeddable":true,"href":"https:\/\/kako.com.hr\/webshop\/wp-json\/wp\/v2\/comments?post=1001"}],"wp:featuredmedia":[{"embeddable":true,"href":"https:\/\/kako.com.hr\/webshop\/wp-json\/wp\/v2\/media\/1002"}],"wp:attachment":[{"href":"https:\/\/kako.com.hr\/webshop\/wp-json\/wp\/v2\/media?parent=1001"}],"curies":[{"name":"wp","href":"https:\/\/api.w.org\/{rel}","templated":true}]}}