{"id":1023,"date":"2023-03-13T09:28:32","date_gmt":"2023-03-13T09:28:32","guid":{"rendered":"https:\/\/kako.com.hr\/webshop\/?page_id=1023"},"modified":"2023-03-13T09:30:12","modified_gmt":"2023-03-13T09:30:12","slug":"kontakt","status":"publish","type":"page","link":"https:\/\/kako.com.hr\/webshop\/kontakt\/","title":{"rendered":"KONTAKT"},"content":{"rendered":"\n<p>U slu\u010daju potrebe za detaljnijim informacijama i tehni\u010dkim karakteristikama za pojedine proizvode, <br>kao i za sve upite i narud\u017ebe javite nam se na: <br><strong>kako@kako.com.hr <\/strong><br><strong>091\/296-5745.<\/strong><\/p>\n","protected":false},"excerpt":{"rendered":"<p>U slu\u010daju potrebe za detaljnijim informacijama i tehni\u010dkim karakteristikama za pojedine proizvode, kao i za sve upite i narud\u017ebe javite nam se na: kako@kako.com.hr 091\/296-5745.<\/p>\n","protected":false},"author":1,"featured_media":0,"parent":0,"menu_order":0,"comment_status":"closed","ping_status":"closed","template":"","meta":{"_monsterinsights_skip_tracking":false,"_monsterinsights_sitenote_active":false,"_monsterinsights_sitenote_note":"","_monsterinsights_sitenote_category":0},"_links":{"self":[{"href":"https:\/\/kako.com.hr\/webshop\/wp-json\/wp\/v2\/pages\/1023"}],"collection":[{"href":"https:\/\/kako.com.hr\/webshop\/wp-json\/wp\/v2\/pages"}],"about":[{"href":"https:\/\/kako.com.hr\/webshop\/wp-json\/wp\/v2\/types\/page"}],"author":[{"embeddable":true,"href":"https:\/\/kako.com.hr\/webshop\/wp-json\/wp\/v2\/users\/1"}],"replies":[{"embeddable":true,"href":"https:\/\/kako.com.hr\/webshop\/wp-json\/wp\/v2\/comments?post=1023"}],"version-history":[{"count":2,"href":"https:\/\/kako.com.hr\/webshop\/wp-json\/wp\/v2\/pages\/1023\/revisions"}],"predecessor-version":[{"id":1025,"href":"https:\/\/kako.com.hr\/webshop\/wp-json\/wp\/v2\/pages\/1023\/revisions\/1025"}],"wp:attachment":[{"href":"https:\/\/kako.com.hr\/webshop\/wp-json\/wp\/v2\/media?parent=1023"}],"curies":[{"name":"wp","href":"https:\/\/api.w.org\/{rel}","templated":true}]}}